{"id":14450,"date":"2017-10-05T11:18:31","date_gmt":"2017-10-05T09:18:31","guid":{"rendered":"https:\/\/www.daesign.com\/contact\/"},"modified":"2024-07-25T17:16:08","modified_gmt":"2024-07-25T15:16:08","slug":"contact","status":"publish","type":"page","link":"https:\/\/www.daesign.com\/en\/contact\/","title":{"rendered":"Contact"},"content":{"rendered":"\t\t<div data-elementor-type=\"wp-page\" data-elementor-id=\"14450\" class=\"elementor elementor-14450 elementor-28\" data-elementor-post-type=\"page\">\n\t\t\t\t<div class=\"elementor-element elementor-element-5252981 e-flex e-con-boxed e-con e-parent\" data-id=\"5252981\" data-element_type=\"container\" data-e-type=\"container\" data-settings=\"{&quot;background_background&quot;:&quot;classic&quot;}\">\n\t\t\t\t\t<div class=\"e-con-inner\">\n\t\t\t\t<div class=\"elementor-element elementor-element-e71be90 elementor-widget elementor-widget-heading\" data-id=\"e71be90\" data-element_type=\"widget\" data-e-type=\"widget\" data-widget_type=\"heading.default\">\n\t\t\t\t<div class=\"elementor-widget-container\">\n\t\t\t\t\t<h1 class=\"elementor-heading-title elementor-size-default\">Contact<\/h1>\t\t\t\t<\/div>\n\t\t\t\t<\/div>\n\t\t\t\t\t<\/div>\n\t\t\t\t<\/div>\n\t\t<div class=\"elementor-element elementor-element-845548f e-flex e-con-boxed e-con e-parent\" data-id=\"845548f\" data-element_type=\"container\" data-e-type=\"container\" data-settings=\"{&quot;background_background&quot;:&quot;gradient&quot;}\">\n\t\t\t\t\t<div class=\"e-con-inner\">\n\t\t<div class=\"elementor-element elementor-element-789b18b e-con-full e-flex e-con e-child\" data-id=\"789b18b\" data-element_type=\"container\" data-e-type=\"container\" data-settings=\"{&quot;background_background&quot;:&quot;classic&quot;}\">\n\t\t\t\t<div class=\"elementor-element elementor-element-041bbda elementor-widget elementor-widget-heading\" data-id=\"041bbda\" data-element_type=\"widget\" data-e-type=\"widget\" data-widget_type=\"heading.default\">\n\t\t\t\t<div class=\"elementor-widget-container\">\n\t\t\t\t\t<p class=\"elementor-heading-title elementor-size-default\">Our team is ready to listen to all your requests. Contact us!<\/p>\t\t\t\t<\/div>\n\t\t\t\t<\/div>\n\t\t\t\t<\/div>\n\t\t<div class=\"elementor-element elementor-element-0cef22d e-con-full e-flex e-con e-child\" data-id=\"0cef22d\" data-element_type=\"container\" data-e-type=\"container\" data-settings=\"{&quot;background_background&quot;:&quot;gradient&quot;}\">\n\t\t<div class=\"elementor-element elementor-element-6558079 e-con-full e-flex e-con e-child\" data-id=\"6558079\" data-element_type=\"container\" data-e-type=\"container\">\n\t\t\t\t<div class=\"elementor-element elementor-element-7df01d9 elementor-widget elementor-widget-heading\" data-id=\"7df01d9\" data-element_type=\"widget\" data-e-type=\"widget\" data-widget_type=\"heading.default\">\n\t\t\t\t<div class=\"elementor-widget-container\">\n\t\t\t\t\t<h3 class=\"elementor-heading-title elementor-size-default\">ANNECY \u2013 STUDIO<\/h3>\t\t\t\t<\/div>\n\t\t\t\t<\/div>\n\t\t\t\t<div class=\"elementor-element elementor-element-60e83a3 elementor-widget elementor-widget-text-editor\" data-id=\"60e83a3\" data-element_type=\"widget\" data-e-type=\"widget\" data-widget_type=\"text-editor.default\">\n\t\t\t\t<div class=\"elementor-widget-container\">\n\t\t\t\t\t\t\t\t\t<p>7 Imp. des Prairies 74940 Annecy<br \/><strong>T\u00e9l. +33 (0)1 45 87 52 73<\/strong><\/p>\t\t\t\t\t\t\t\t<\/div>\n\t\t\t\t<\/div>\n\t\t\t\t<\/div>\n\t\t<div class=\"elementor-element elementor-element-f3c5930 e-con-full e-flex e-con e-child\" data-id=\"f3c5930\" data-element_type=\"container\" data-e-type=\"container\">\n\t\t\t\t<div class=\"elementor-element elementor-element-ae5af3a elementor-widget elementor-widget-google_maps\" data-id=\"ae5af3a\" data-element_type=\"widget\" data-e-type=\"widget\" data-widget_type=\"google_maps.default\">\n\t\t\t\t<div class=\"elementor-widget-container\">\n\t\t\t\t\t\t\t<div class=\"elementor-custom-embed\">\n\t\t\t<iframe loading=\"lazy\"\n\t\t\t\t\tsrc=\"https:\/\/maps.google.com\/maps?q=Daesign%20SASU&#038;t=m&#038;z=16&#038;output=embed&#038;iwloc=near\"\n\t\t\t\t\ttitle=\"Daesign SASU\"\n\t\t\t\t\taria-label=\"Daesign SASU\"\n\t\t\t><\/iframe>\n\t\t<\/div>\n\t\t\t\t\t\t<\/div>\n\t\t\t\t<\/div>\n\t\t\t\t<\/div>\n\t\t\t\t<\/div>\n\t\t<div class=\"elementor-element elementor-element-7ff3233 e-con-full e-flex e-con e-child\" data-id=\"7ff3233\" data-element_type=\"container\" data-e-type=\"container\" data-settings=\"{&quot;background_background&quot;:&quot;gradient&quot;}\">\n\t\t<div class=\"elementor-element elementor-element-7732462 e-con-full e-flex e-con e-child\" data-id=\"7732462\" data-element_type=\"container\" data-e-type=\"container\">\n\t\t\t\t<div class=\"elementor-element elementor-element-47564e8 elementor-widget elementor-widget-heading\" data-id=\"47564e8\" data-element_type=\"widget\" data-e-type=\"widget\" data-widget_type=\"heading.default\">\n\t\t\t\t<div class=\"elementor-widget-container\">\n\t\t\t\t\t<h3 class=\"elementor-heading-title elementor-size-default\">PARIS \u2013 Headquarters<\/h3>\t\t\t\t<\/div>\n\t\t\t\t<\/div>\n\t\t\t\t<div class=\"elementor-element elementor-element-405684e elementor-widget elementor-widget-text-editor\" data-id=\"405684e\" data-element_type=\"widget\" data-e-type=\"widget\" data-widget_type=\"text-editor.default\">\n\t\t\t\t<div class=\"elementor-widget-container\">\n\t\t\t\t\t\t\t\t\t<p>92 Av. de France 75013 Paris<br><strong>T\u00e9l. +33 (0)1 45 87 52 73<\/strong><\/p>\t\t\t\t\t\t\t\t<\/div>\n\t\t\t\t<\/div>\n\t\t\t\t<\/div>\n\t\t<div class=\"elementor-element elementor-element-7b1917b e-con-full e-flex e-con e-child\" data-id=\"7b1917b\" data-element_type=\"container\" data-e-type=\"container\">\n\t\t\t\t<div class=\"elementor-element elementor-element-26201b6 elementor-widget elementor-widget-google_maps\" data-id=\"26201b6\" data-element_type=\"widget\" data-e-type=\"widget\" data-widget_type=\"google_maps.default\">\n\t\t\t\t<div class=\"elementor-widget-container\">\n\t\t\t\t\t\t\t<div class=\"elementor-custom-embed\">\n\t\t\t<iframe loading=\"lazy\"\n\t\t\t\t\tsrc=\"https:\/\/maps.google.com\/maps?q=Daesign&#038;t=m&#038;z=16&#038;output=embed&#038;iwloc=near\"\n\t\t\t\t\ttitle=\"Daesign\"\n\t\t\t\t\taria-label=\"Daesign\"\n\t\t\t><\/iframe>\n\t\t<\/div>\n\t\t\t\t\t\t<\/div>\n\t\t\t\t<\/div>\n\t\t\t\t<\/div>\n\t\t\t\t<\/div>\n\t\t\t\t\t<\/div>\n\t\t\t\t<\/div>\n\t\t<div class=\"elementor-element elementor-element-99cd9e8 e-flex e-con-boxed e-con e-parent\" data-id=\"99cd9e8\" data-element_type=\"container\" data-e-type=\"container\" data-settings=\"{&quot;background_background&quot;:&quot;classic&quot;}\">\n\t\t\t\t\t<div class=\"e-con-inner\">\n\t\t<div class=\"elementor-element elementor-element-7d2d9a7 e-con-full e-flex e-con e-child\" data-id=\"7d2d9a7\" data-element_type=\"container\" data-e-type=\"container\" data-settings=\"{&quot;background_background&quot;:&quot;classic&quot;}\">\n\t\t\t\t<div class=\"elementor-element elementor-element-5e6622b elementor-widget elementor-widget-shortcode\" data-id=\"5e6622b\" data-element_type=\"widget\" data-e-type=\"widget\" data-widget_type=\"shortcode.default\">\n\t\t\t\t<div class=\"elementor-widget-container\">\n\t\t\t\t\t\t\t<div class=\"elementor-shortcode\">\n<div class=\"wpcf7 no-js\" id=\"wpcf7-f15417-o1\" lang=\"en-US\" dir=\"ltr\" data-wpcf7-id=\"15417\">\n<div class=\"screen-reader-response\"><p role=\"status\" aria-live=\"polite\" aria-atomic=\"true\"><\/p> <ul><\/ul><\/div>\n<form action=\"\/en\/wp-json\/wp\/v2\/pages\/14450#wpcf7-f15417-o1\" method=\"post\" class=\"wpcf7-form init\" aria-label=\"Contact form\" novalidate=\"novalidate\" data-status=\"init\">\n<fieldset class=\"hidden-fields-container\"><input type=\"hidden\" name=\"_wpcf7\" value=\"15417\" \/><input type=\"hidden\" name=\"_wpcf7_version\" value=\"6.1.5\" \/><input type=\"hidden\" name=\"_wpcf7_locale\" value=\"en_US\" \/><input type=\"hidden\" name=\"_wpcf7_unit_tag\" value=\"wpcf7-f15417-o1\" \/><input type=\"hidden\" name=\"_wpcf7_container_post\" value=\"0\" \/><input type=\"hidden\" name=\"_wpcf7_posted_data_hash\" value=\"\" \/><input type=\"hidden\" name=\"_wpcf7cf_hidden_group_fields\" value=\"[]\" \/><input type=\"hidden\" name=\"_wpcf7cf_hidden_groups\" value=\"[]\" \/><input type=\"hidden\" name=\"_wpcf7cf_visible_groups\" value=\"[]\" \/><input type=\"hidden\" name=\"_wpcf7cf_repeaters\" value=\"[]\" \/><input type=\"hidden\" name=\"_wpcf7cf_steps\" value=\"{}\" \/><input type=\"hidden\" name=\"_wpcf7cf_options\" value=\"{&quot;form_id&quot;:15417,&quot;conditions&quot;:[],&quot;settings&quot;:{&quot;animation&quot;:&quot;yes&quot;,&quot;animation_intime&quot;:200,&quot;animation_outtime&quot;:200,&quot;conditions_ui&quot;:&quot;normal&quot;,&quot;notice_dismissed&quot;:false,&quot;repeater_remove_button&quot;:&quot;bottom&quot;,&quot;notice_dismissed_update-cf7-5.5.3&quot;:true,&quot;notice_dismissed_rollback-cf7-5.9.2&quot;:true}}\" \/><input type=\"hidden\" name=\"_extcf7_conditional_options\" value=\"{&quot;form_id&quot;:15417,&quot;conditions&quot;:[]}\" \/><input type=\"hidden\" name=\"_extcf7_redirect_options\" value=\"{&quot;form_id&quot;:15417,&quot;redirect_options&quot;:{&quot;redirection_enable&quot;:&quot;off&quot;,&quot;custom_url_enable&quot;:&quot;off&quot;,&quot;redirect_page&quot;:&quot;&quot;,&quot;custom_urle&quot;:&quot;&quot;,&quot;redirect_new_tab&quot;:&quot;off&quot;,&quot;js_action&quot;:&quot;off&quot;,&quot;javascript_code&quot;:&quot;&quot;}}\" \/>\n<\/fieldset>\n<div class=\"form-demo container-fluid text-center\">\n\t<div class=\"row\">\n\t\t<div class=\"col-lg-4\">\n\t\t\t<p><label class=\"form-label\">Name *<\/label><span class=\"wpcf7-form-control-wrap\" data-name=\"nom\"><input size=\"40\" maxlength=\"400\" class=\"wpcf7-form-control wpcf7-text wpcf7-validates-as-required form-control\" aria-required=\"true\" aria-invalid=\"false\" value=\"\" type=\"text\" name=\"nom\" \/><\/span>\n\t\t\t<\/p>\n\t\t<\/div>\n\t\t<div class=\"col-lg-4\">\n\t\t\t<p><label class=\"form-label\">First Name *<\/label><span class=\"wpcf7-form-control-wrap\" data-name=\"prenom\"><input size=\"40\" maxlength=\"400\" class=\"wpcf7-form-control wpcf7-text wpcf7-validates-as-required form-control\" aria-required=\"true\" aria-invalid=\"false\" value=\"\" type=\"text\" name=\"prenom\" \/><\/span>\n\t\t\t<\/p>\n\t\t<\/div>\n\t\t<div class=\"col-lg-4\">\n\t\t\t<p><label class=\"form-label\">Company *<\/label><span class=\"wpcf7-form-control-wrap\" data-name=\"societe\"><input size=\"40\" maxlength=\"400\" class=\"wpcf7-form-control wpcf7-text wpcf7-validates-as-required form-control\" aria-required=\"true\" aria-invalid=\"false\" value=\"\" type=\"text\" name=\"societe\" \/><\/span>\n\t\t\t<\/p>\n\t\t<\/div>\n\t\t<div class=\"col-lg-6\">\n\t\t\t<p><label class=\"form-label\">Job title *<\/label><span class=\"wpcf7-form-control-wrap\" data-name=\"intitule_poste\"><input size=\"40\" maxlength=\"400\" class=\"wpcf7-form-control wpcf7-text wpcf7-validates-as-required form-control\" aria-required=\"true\" aria-invalid=\"false\" value=\"\" type=\"text\" name=\"intitule_poste\" \/><\/span>\n\t\t\t<\/p>\n\t\t<\/div>\n\t\t<div class=\"col-lg-6\">\n\t\t\t<p><label class=\"form-label\">email *<\/label><span class=\"wpcf7-form-control-wrap\" data-name=\"email\"><input size=\"40\" maxlength=\"400\" class=\"wpcf7-form-control wpcf7-email wpcf7-validates-as-required wpcf7-text wpcf7-validates-as-email form-control\" aria-required=\"true\" aria-invalid=\"false\" value=\"\" type=\"email\" name=\"email\" \/><\/span>\n\t\t\t<\/p>\n\t\t<\/div>\n\t\t<div class=\"col-lg-12\">\n\t\t\t<p><label class=\"form-label\">Description of your need<\/label><span class=\"wpcf7-form-control-wrap\" data-name=\"besoin\"><textarea cols=\"40\" rows=\"10\" maxlength=\"2000\" class=\"wpcf7-form-control wpcf7-textarea form-control\" aria-invalid=\"false\" name=\"besoin\"><\/textarea><\/span>\n\t\t\t<\/p>\n\t\t<\/div>\n\t\t<div class=\"col-lg-12\">\n\t\t\t<p><span class=\"wpcf7-form-control-wrap\" data-name=\"policy_acceptance\"><span class=\"wpcf7-form-control wpcf7-acceptance\"><span class=\"wpcf7-list-item\"><input type=\"checkbox\" name=\"policy_acceptance\" value=\"1\" id=\"policy_acceptance\" aria-invalid=\"false\" \/><\/span><\/span><\/span> By submitting this form, I agree that the information collected may be used for the purposes of requesting a product demonstration and for any commercial relations that may result.\n\t\t\t<\/p>\n\t\t<\/div>\n\t\t<div class=\"col-lg-12\">\n\t\t\t<p>[dynamichidden utm_source] [dynamichidden utm_medium] [dynamichidden utm_campaign][dynamichidden utm_term] [dynamichidden interet_produit \"CF7_GET key='p'\"]<div id=\"cf7sr-6a0616a2923f3\" class=\"cf7sr-g-recaptcha\" data-theme=\"light\" data-type=\"image\" data-size=\"normal\" data-sitekey=\"6LdWwqMZAAAAANGYtjV9mzFUcz__qzpHFMBelAHB\"><\/div><span class=\"wpcf7-form-control-wrap cf7sr-recaptcha\" data-name=\"cf7sr-recaptcha\"><input type=\"hidden\" name=\"cf7sr-recaptcha\" value=\"\" class=\"wpcf7-form-control\"><\/span>\n\t\t\t<\/p>\n\t\t<\/div>\n\t\t<div class=\"col-lg-12\">\n\t\t\t<p><input class=\"wpcf7-form-control wpcf7-submit has-spinner form-button\" type=\"submit\" value=\"Submit\" \/>\n\t\t\t<\/p>\n\t\t<\/div>\n\t\t<div class=\"col-lg-12\">\n\t\t\t<p><small><i>The information collected is necessary to process your request. It is intended for Daesign's internal use only. In accordance with the French Data Protection Act (Loi Informatique et Libert\u00e9s) as amended and the European Data Protection Regulation, you have the right to access and rectify your personal data, which you may exercise by writing to: referent-rgpd@daesign.com.<\/i><\/small>\n\t\t\t<\/p>\n\t\t<\/div>\n\t<\/div>\n<\/div><div class=\"wpcf7-response-output\" aria-hidden=\"true\"><\/div>\n<\/form>\n<\/div>\n<\/div>\n\t\t\t\t\t\t<\/div>\n\t\t\t\t<\/div>\n\t\t\t\t<\/div>\n\t\t\t\t\t<\/div>\n\t\t\t\t<\/div>\n\t\t\t\t<\/div>\n\t\t","protected":false},"excerpt":{"rendered":"<p>ANNECY \u2013 STUDIO 7 Imp. des Prairies 74940 AnnecyT\u00e9l. +33 (0)1 45 87 52 73 PARIS \u2013 Headquarters 92 Av. de France 75013 ParisT\u00e9l. +33 (0)1 45 87 52 73<\/p>\n","protected":false},"author":2,"featured_media":13300,"parent":0,"menu_order":0,"comment_status":"closed","ping_status":"closed","template":"","meta":{"_acf_changed":false,"footnotes":""},"tags":[],"class_list":["post-14450","page","type-page","status-publish","has-post-thumbnail","hentry"],"acf":[],"yoast_head":"<!-- This site is optimized with the Yoast SEO plugin v27.5 - https:\/\/yoast.com\/product\/yoast-seo-wordpress\/ -->\n<title>Contact - Daesign<\/title>\n<meta name=\"description\" content=\"Nos produits, nos technologies, nos m\u00e9tiers vous int\u00e9ressent ? Nous sommes \u00e0 votre \u00e9coute pour r\u00e9pondre \u00e0 toutes vos demandes.\" \/>\n<meta name=\"robots\" content=\"index, follow, max-snippet:-1, max-image-preview:large, max-video-preview:-1\" \/>\n<link rel=\"canonical\" href=\"https:\/\/www.daesign.com\/en\/contact\/\" \/>\n<meta property=\"og:locale\" content=\"en_US\" \/>\n<meta property=\"og:type\" content=\"article\" \/>\n<meta property=\"og:title\" content=\"Contact - Daesign\" \/>\n<meta property=\"og:description\" content=\"Nos produits, nos technologies, nos m\u00e9tiers vous int\u00e9ressent ? Nous sommes \u00e0 votre \u00e9coute pour r\u00e9pondre \u00e0 toutes vos demandes.\" \/>\n<meta property=\"og:url\" content=\"https:\/\/www.daesign.com\/en\/contact\/\" \/>\n<meta property=\"og:site_name\" content=\"Daesign\" \/>\n<meta property=\"article:modified_time\" content=\"2024-07-25T15:16:08+00:00\" \/>\n<meta property=\"og:image\" content=\"https:\/\/www.daesign.com\/wp-content\/uploads\/2017\/10\/im-test3.jpg\" \/>\n\t<meta property=\"og:image:width\" content=\"1090\" \/>\n\t<meta property=\"og:image:height\" content=\"660\" \/>\n\t<meta property=\"og:image:type\" content=\"image\/jpeg\" \/>\n<meta name=\"twitter:card\" content=\"summary_large_image\" \/>\n<script type=\"application\/ld+json\" class=\"yoast-schema-graph\">{\"@context\":\"https:\\\/\\\/schema.org\",\"@graph\":[{\"@type\":\"WebPage\",\"@id\":\"https:\\\/\\\/www.daesign.com\\\/en\\\/contact\\\/\",\"url\":\"https:\\\/\\\/www.daesign.com\\\/en\\\/contact\\\/\",\"name\":\"Contact - Daesign\",\"isPartOf\":{\"@id\":\"https:\\\/\\\/www.daesign.com\\\/#website\"},\"primaryImageOfPage\":{\"@id\":\"https:\\\/\\\/www.daesign.com\\\/en\\\/contact\\\/#primaryimage\"},\"image\":{\"@id\":\"https:\\\/\\\/www.daesign.com\\\/en\\\/contact\\\/#primaryimage\"},\"thumbnailUrl\":\"https:\\\/\\\/www.daesign.com\\\/wp-content\\\/uploads\\\/2017\\\/10\\\/im-test3.jpg\",\"datePublished\":\"2017-10-05T09:18:31+00:00\",\"dateModified\":\"2024-07-25T15:16:08+00:00\",\"description\":\"Nos produits, nos technologies, nos m\u00e9tiers vous int\u00e9ressent ? Nous sommes \u00e0 votre \u00e9coute pour r\u00e9pondre \u00e0 toutes vos demandes.\",\"breadcrumb\":{\"@id\":\"https:\\\/\\\/www.daesign.com\\\/en\\\/contact\\\/#breadcrumb\"},\"inLanguage\":\"en-US\",\"potentialAction\":[{\"@type\":\"ReadAction\",\"target\":[\"https:\\\/\\\/www.daesign.com\\\/en\\\/contact\\\/\"]}]},{\"@type\":\"ImageObject\",\"inLanguage\":\"en-US\",\"@id\":\"https:\\\/\\\/www.daesign.com\\\/en\\\/contact\\\/#primaryimage\",\"url\":\"https:\\\/\\\/www.daesign.com\\\/wp-content\\\/uploads\\\/2017\\\/10\\\/im-test3.jpg\",\"contentUrl\":\"https:\\\/\\\/www.daesign.com\\\/wp-content\\\/uploads\\\/2017\\\/10\\\/im-test3.jpg\",\"width\":1090,\"height\":660},{\"@type\":\"BreadcrumbList\",\"@id\":\"https:\\\/\\\/www.daesign.com\\\/en\\\/contact\\\/#breadcrumb\",\"itemListElement\":[{\"@type\":\"ListItem\",\"position\":1,\"name\":\"Accueil\",\"item\":\"https:\\\/\\\/www.daesign.com\\\/en\\\/\"},{\"@type\":\"ListItem\",\"position\":2,\"name\":\"Contact\"}]},{\"@type\":\"WebSite\",\"@id\":\"https:\\\/\\\/www.daesign.com\\\/#website\",\"url\":\"https:\\\/\\\/www.daesign.com\\\/\",\"name\":\"Daesign\",\"description\":\"\",\"publisher\":{\"@id\":\"https:\\\/\\\/www.daesign.com\\\/#organization\"},\"potentialAction\":[{\"@type\":\"SearchAction\",\"target\":{\"@type\":\"EntryPoint\",\"urlTemplate\":\"https:\\\/\\\/www.daesign.com\\\/?s={search_term_string}\"},\"query-input\":{\"@type\":\"PropertyValueSpecification\",\"valueRequired\":true,\"valueName\":\"search_term_string\"}}],\"inLanguage\":\"en-US\"},{\"@type\":\"Organization\",\"@id\":\"https:\\\/\\\/www.daesign.com\\\/#organization\",\"name\":\"Daesign\",\"url\":\"https:\\\/\\\/www.daesign.com\\\/\",\"logo\":{\"@type\":\"ImageObject\",\"inLanguage\":\"en-US\",\"@id\":\"https:\\\/\\\/www.daesign.com\\\/#\\\/schema\\\/logo\\\/image\\\/\",\"url\":\"https:\\\/\\\/www.daesign.com\\\/wp-content\\\/uploads\\\/2020\\\/02\\\/logo-daesign.jpg\",\"contentUrl\":\"https:\\\/\\\/www.daesign.com\\\/wp-content\\\/uploads\\\/2020\\\/02\\\/logo-daesign.jpg\",\"width\":310,\"height\":123,\"caption\":\"Daesign\"},\"image\":{\"@id\":\"https:\\\/\\\/www.daesign.com\\\/#\\\/schema\\\/logo\\\/image\\\/\"}}]}<\/script>\n<!-- \/ Yoast SEO plugin. -->","yoast_head_json":{"title":"Contact - Daesign","description":"Nos produits, nos technologies, nos m\u00e9tiers vous int\u00e9ressent ? Nous sommes \u00e0 votre \u00e9coute pour r\u00e9pondre \u00e0 toutes vos demandes.","robots":{"index":"index","follow":"follow","max-snippet":"max-snippet:-1","max-image-preview":"max-image-preview:large","max-video-preview":"max-video-preview:-1"},"canonical":"https:\/\/www.daesign.com\/en\/contact\/","og_locale":"en_US","og_type":"article","og_title":"Contact - Daesign","og_description":"Nos produits, nos technologies, nos m\u00e9tiers vous int\u00e9ressent ? Nous sommes \u00e0 votre \u00e9coute pour r\u00e9pondre \u00e0 toutes vos demandes.","og_url":"https:\/\/www.daesign.com\/en\/contact\/","og_site_name":"Daesign","article_modified_time":"2024-07-25T15:16:08+00:00","og_image":[{"width":1090,"height":660,"url":"https:\/\/www.daesign.com\/wp-content\/uploads\/2017\/10\/im-test3.jpg","type":"image\/jpeg"}],"twitter_card":"summary_large_image","schema":{"@context":"https:\/\/schema.org","@graph":[{"@type":"WebPage","@id":"https:\/\/www.daesign.com\/en\/contact\/","url":"https:\/\/www.daesign.com\/en\/contact\/","name":"Contact - Daesign","isPartOf":{"@id":"https:\/\/www.daesign.com\/#website"},"primaryImageOfPage":{"@id":"https:\/\/www.daesign.com\/en\/contact\/#primaryimage"},"image":{"@id":"https:\/\/www.daesign.com\/en\/contact\/#primaryimage"},"thumbnailUrl":"https:\/\/www.daesign.com\/wp-content\/uploads\/2017\/10\/im-test3.jpg","datePublished":"2017-10-05T09:18:31+00:00","dateModified":"2024-07-25T15:16:08+00:00","description":"Nos produits, nos technologies, nos m\u00e9tiers vous int\u00e9ressent ? Nous sommes \u00e0 votre \u00e9coute pour r\u00e9pondre \u00e0 toutes vos demandes.","breadcrumb":{"@id":"https:\/\/www.daesign.com\/en\/contact\/#breadcrumb"},"inLanguage":"en-US","potentialAction":[{"@type":"ReadAction","target":["https:\/\/www.daesign.com\/en\/contact\/"]}]},{"@type":"ImageObject","inLanguage":"en-US","@id":"https:\/\/www.daesign.com\/en\/contact\/#primaryimage","url":"https:\/\/www.daesign.com\/wp-content\/uploads\/2017\/10\/im-test3.jpg","contentUrl":"https:\/\/www.daesign.com\/wp-content\/uploads\/2017\/10\/im-test3.jpg","width":1090,"height":660},{"@type":"BreadcrumbList","@id":"https:\/\/www.daesign.com\/en\/contact\/#breadcrumb","itemListElement":[{"@type":"ListItem","position":1,"name":"Accueil","item":"https:\/\/www.daesign.com\/en\/"},{"@type":"ListItem","position":2,"name":"Contact"}]},{"@type":"WebSite","@id":"https:\/\/www.daesign.com\/#website","url":"https:\/\/www.daesign.com\/","name":"Daesign","description":"","publisher":{"@id":"https:\/\/www.daesign.com\/#organization"},"potentialAction":[{"@type":"SearchAction","target":{"@type":"EntryPoint","urlTemplate":"https:\/\/www.daesign.com\/?s={search_term_string}"},"query-input":{"@type":"PropertyValueSpecification","valueRequired":true,"valueName":"search_term_string"}}],"inLanguage":"en-US"},{"@type":"Organization","@id":"https:\/\/www.daesign.com\/#organization","name":"Daesign","url":"https:\/\/www.daesign.com\/","logo":{"@type":"ImageObject","inLanguage":"en-US","@id":"https:\/\/www.daesign.com\/#\/schema\/logo\/image\/","url":"https:\/\/www.daesign.com\/wp-content\/uploads\/2020\/02\/logo-daesign.jpg","contentUrl":"https:\/\/www.daesign.com\/wp-content\/uploads\/2020\/02\/logo-daesign.jpg","width":310,"height":123,"caption":"Daesign"},"image":{"@id":"https:\/\/www.daesign.com\/#\/schema\/logo\/image\/"}}]}},"_links":{"self":[{"href":"https:\/\/www.daesign.com\/en\/wp-json\/wp\/v2\/pages\/14450","targetHints":{"allow":["GET"]}}],"collection":[{"href":"https:\/\/www.daesign.com\/en\/wp-json\/wp\/v2\/pages"}],"about":[{"href":"https:\/\/www.daesign.com\/en\/wp-json\/wp\/v2\/types\/page"}],"author":[{"embeddable":true,"href":"https:\/\/www.daesign.com\/en\/wp-json\/wp\/v2\/users\/2"}],"replies":[{"embeddable":true,"href":"https:\/\/www.daesign.com\/en\/wp-json\/wp\/v2\/comments?post=14450"}],"version-history":[{"count":13,"href":"https:\/\/www.daesign.com\/en\/wp-json\/wp\/v2\/pages\/14450\/revisions"}],"predecessor-version":[{"id":15423,"href":"https:\/\/www.daesign.com\/en\/wp-json\/wp\/v2\/pages\/14450\/revisions\/15423"}],"wp:featuredmedia":[{"embeddable":true,"href":"https:\/\/www.daesign.com\/en\/wp-json\/wp\/v2\/media\/13300"}],"wp:attachment":[{"href":"https:\/\/www.daesign.com\/en\/wp-json\/wp\/v2\/media?parent=14450"}],"wp:term":[{"taxonomy":"post_tag","embeddable":true,"href":"https:\/\/www.daesign.com\/en\/wp-json\/wp\/v2\/tags?post=14450"}],"curies":[{"name":"wp","href":"https:\/\/api.w.org\/{rel}","templated":true}]}}