{"id":14630,"date":"2017-10-05T11:18:58","date_gmt":"2017-10-05T09:18:58","guid":{"rendered":"https:\/\/www.daesign.com\/histoire\/"},"modified":"2024-07-11T22:42:06","modified_gmt":"2024-07-11T20:42:06","slug":"history","status":"publish","type":"page","link":"https:\/\/www.daesign.com\/en\/history\/","title":{"rendered":"History"},"content":{"rendered":"\t\t<div data-elementor-type=\"wp-page\" data-elementor-id=\"14630\" class=\"elementor elementor-14630 elementor-32\" data-elementor-post-type=\"page\">\n\t\t\t\t<div class=\"elementor-element elementor-element-12a2e1b e-flex e-con-boxed e-con e-parent\" data-id=\"12a2e1b\" data-element_type=\"container\" data-settings=\"{&quot;background_background&quot;:&quot;classic&quot;}\">\n\t\t\t\t\t<div class=\"e-con-inner\">\n\t\t\t\t<div class=\"elementor-element elementor-element-5da09cd elementor-widget elementor-widget-heading\" data-id=\"5da09cd\" data-element_type=\"widget\" data-widget_type=\"heading.default\">\n\t\t\t\t<div class=\"elementor-widget-container\">\n\t\t\t\t\t<h1 class=\"elementor-heading-title elementor-size-default\">History<\/h1>\t\t\t\t<\/div>\n\t\t\t\t<\/div>\n\t\t\t\t\t<\/div>\n\t\t\t\t<\/div>\n\t\t<div class=\"elementor-element elementor-element-3cec16c e-flex e-con-boxed e-con e-parent\" data-id=\"3cec16c\" data-element_type=\"container\">\n\t\t\t\t\t<div class=\"e-con-inner\">\n\t\t<div class=\"elementor-element elementor-element-04af6ee e-con-full e-flex e-con e-child\" data-id=\"04af6ee\" data-element_type=\"container\">\n\t\t\t\t<div class=\"elementor-element elementor-element-1d25ed7 elementor-widget__width-initial elementor-widget elementor-widget-heading\" data-id=\"1d25ed7\" data-element_type=\"widget\" data-widget_type=\"heading.default\">\n\t\t\t\t<div class=\"elementor-widget-container\">\n\t\t\t\t\t<h2 class=\"elementor-heading-title elementor-size-default\">Genesis<\/h2>\t\t\t\t<\/div>\n\t\t\t\t<\/div>\n\t\t\t\t<div class=\"elementor-element elementor-element-924d556 elementor-widget elementor-widget-text-editor\" data-id=\"924d556\" data-element_type=\"widget\" data-widget_type=\"text-editor.default\">\n\t\t\t\t<div class=\"elementor-widget-container\">\n\t\t\t\t\t\t\t\t\t<div class=\"wpb_text_column wpb_content_element \"><div class=\"wpb_wrapper\"><p class=\"selectionShareable\"><strong>Originally a multimedia studio that was founded in 1994<\/strong>, we soon became known for our collaboration with the Guignols de l\u2019Info (a French satirical TV programme) that we adapted into CD-ROM games, or for the interactive versions of the famous Gl\u00e9nans sailing courses which we created for the publisher Seuil.<\/p><p class=\"selectionShareable\">At the time, we were called In Visio. Very early on, we realised that we were<strong> made to adapt<\/strong>: we were <strong>skilled in interactive design and multimedia<\/strong>, and we used it for varied subjects, collaborating closely with very different people.<\/p><p class=\"selectionShareable\">Today it remains one of our major strengths: <strong>we can discuss, learn and translate worlds<\/strong>, knowledge and skills into the language and assets specific to our media.<\/p><\/div><\/div>\t\t\t\t\t\t\t\t<\/div>\n\t\t\t\t<\/div>\n\t\t\t\t<\/div>\n\t\t<div class=\"elementor-element elementor-element-5802203 e-con-full e-flex e-con e-child\" data-id=\"5802203\" data-element_type=\"container\">\n\t\t\t\t<div class=\"elementor-element elementor-element-20fafba elementor-widget elementor-widget-image\" data-id=\"20fafba\" data-element_type=\"widget\" data-widget_type=\"image.default\">\n\t\t\t\t<div class=\"elementor-widget-container\">\n\t\t\t\t\t\t\t\t\t\t\t\t\t\t\t<img fetchpriority=\"high\" decoding=\"async\" width=\"800\" height=\"600\" src=\"https:\/\/www.daesign.com\/wp-content\/uploads\/2024\/01\/article_blended_learning.png\" class=\"attachment-large size-large wp-image-14125\" alt=\"\" srcset=\"https:\/\/www.daesign.com\/wp-content\/uploads\/2024\/01\/article_blended_learning.png 1024w, https:\/\/www.daesign.com\/wp-content\/uploads\/2024\/01\/article_blended_learning-300x225.png 300w, https:\/\/www.daesign.com\/wp-content\/uploads\/2024\/01\/article_blended_learning-768x576.png 768w\" sizes=\"(max-width: 800px) 100vw, 800px\" \/>\t\t\t\t\t\t\t\t\t\t\t\t\t\t\t<\/div>\n\t\t\t\t<\/div>\n\t\t\t\t<\/div>\n\t\t\t\t\t<\/div>\n\t\t\t\t<\/div>\n\t\t<div class=\"elementor-element elementor-element-42cb9d7 e-flex e-con-boxed e-con e-parent\" data-id=\"42cb9d7\" data-element_type=\"container\" data-settings=\"{&quot;background_background&quot;:&quot;classic&quot;}\">\n\t\t\t\t\t<div class=\"e-con-inner\">\n\t\t<div class=\"elementor-element elementor-element-8cc2386 e-con-full e-flex e-con e-child\" data-id=\"8cc2386\" data-element_type=\"container\">\n\t\t\t\t<div class=\"elementor-element elementor-element-f461b07 elementor-widget__width-initial elementor-widget elementor-widget-heading\" data-id=\"f461b07\" data-element_type=\"widget\" data-widget_type=\"heading.default\">\n\t\t\t\t<div class=\"elementor-widget-container\">\n\t\t\t\t\t<h2 class=\"elementor-heading-title elementor-size-default\">Development<\/h2>\t\t\t\t<\/div>\n\t\t\t\t<\/div>\n\t\t\t\t<div class=\"elementor-element elementor-element-458ed47 elementor-widget elementor-widget-text-editor\" data-id=\"458ed47\" data-element_type=\"widget\" data-widget_type=\"text-editor.default\">\n\t\t\t\t<div class=\"elementor-widget-container\">\n\t\t\t\t\t\t\t\t\t<div class=\"wpb_text_column wpb_content_element \"><div class=\"wpb_wrapper\"><div class=\"wpb_text_column wpb_content_element \"><div class=\"wpb_wrapper\"><div class=\"wpb_text_column wpb_content_element \"><div class=\"wpb_wrapper\"><p class=\"selectionShareable\">We moved towards <strong>video games<\/strong>, in an unusual way, focusing on the <strong>narrative dimension. <\/strong><\/p><p class=\"selectionShareable\">We developed <strong>gameplays<\/strong> based on dialogue, enabling us to create <strong>simulations of ultra-realistic, interactive and captivating conversations. <\/strong><\/p><p class=\"selectionShareable\">This skill, that we invented and which we were the only ones to have, gave us the idea to move towards <strong>digital training right after the millennium<\/strong>, at a moment when the mainstream video game market was becoming unfavourable for small studios. And it was a success \u2013 with help from Monique Benaily, a visionary at BNP Paribas, who understood before anyone else what direction this field would take.<\/p><p class=\"selectionShareable\">Thanks to her, we designed and developed a professional appraisal simulation which was used to train thousands of managers. This initial success gave us visibility and we continued on this path: <strong>we became a benchmark serious games publisher.<\/strong><\/p><\/div><\/div><\/div><\/div><\/div><\/div>\t\t\t\t\t\t\t\t<\/div>\n\t\t\t\t<\/div>\n\t\t\t\t<\/div>\n\t\t<div class=\"elementor-element elementor-element-aa0bce3 e-con-full e-flex e-con e-child\" data-id=\"aa0bce3\" data-element_type=\"container\">\n\t\t\t\t<div class=\"elementor-element elementor-element-d74267e elementor-widget elementor-widget-image\" data-id=\"d74267e\" data-element_type=\"widget\" data-widget_type=\"image.default\">\n\t\t\t\t<div class=\"elementor-widget-container\">\n\t\t\t\t\t\t\t\t\t\t\t\t\t\t\t<img decoding=\"async\" width=\"1024\" height=\"768\" src=\"https:\/\/www.daesign.com\/wp-content\/uploads\/2024\/01\/Cas-client-Concevoir-des-malettes.png\" class=\"attachment-full size-full wp-image-14127\" alt=\"\" srcset=\"https:\/\/www.daesign.com\/wp-content\/uploads\/2024\/01\/Cas-client-Concevoir-des-malettes.png 1024w, https:\/\/www.daesign.com\/wp-content\/uploads\/2024\/01\/Cas-client-Concevoir-des-malettes-300x225.png 300w, https:\/\/www.daesign.com\/wp-content\/uploads\/2024\/01\/Cas-client-Concevoir-des-malettes-768x576.png 768w\" sizes=\"(max-width: 1024px) 100vw, 1024px\" \/>\t\t\t\t\t\t\t\t\t\t\t\t\t\t\t<\/div>\n\t\t\t\t<\/div>\n\t\t\t\t<\/div>\n\t\t\t\t\t<\/div>\n\t\t\t\t<\/div>\n\t\t<div class=\"elementor-element elementor-element-ac1a2f5 e-flex e-con-boxed e-con e-parent\" data-id=\"ac1a2f5\" data-element_type=\"container\">\n\t\t\t\t\t<div class=\"e-con-inner\">\n\t\t<div class=\"elementor-element elementor-element-b305642 e-con-full e-flex e-con e-child\" data-id=\"b305642\" data-element_type=\"container\">\n\t\t\t\t<div class=\"elementor-element elementor-element-53c6be9 elementor-widget__width-initial elementor-widget elementor-widget-heading\" data-id=\"53c6be9\" data-element_type=\"widget\" data-widget_type=\"heading.default\">\n\t\t\t\t<div class=\"elementor-widget-container\">\n\t\t\t\t\t<h2 class=\"elementor-heading-title elementor-size-default\">At the crossroads of all digital skills<\/h2>\t\t\t\t<\/div>\n\t\t\t\t<\/div>\n\t\t\t\t<div class=\"elementor-element elementor-element-86566ac elementor-widget elementor-widget-text-editor\" data-id=\"86566ac\" data-element_type=\"widget\" data-widget_type=\"text-editor.default\">\n\t\t\t\t<div class=\"elementor-widget-container\">\n\t\t\t\t\t\t\t\t\t<div class=\"wpb_text_column wpb_content_element \"><div class=\"wpb_wrapper\"><div class=\"wpb_text_column wpb_content_element \"><div class=\"wpb_wrapper\"><p>We have not stopped <strong>innovating since, in terms of both style and content<\/strong>, and today we are at the crossroads of all the skills in digital training. During our 15 years of market presence we have released products that have since become benchmarks, deployed in around forty countries. We offer professional prices and innovations that have been adopted by our peers, who rate them highly.<\/p><p>We design <strong>tailor-made responses for our clients<\/strong>, and publish an <strong>extensive catalogue<\/strong> covering the topics of management, digital transformation and compliance.<\/p><p>We place <strong>learning-by-doing at the heart of our teaching<\/strong> by designing real learning experiences which sustainably develop skills and take advantage of the best of what digital technology has to offer.<\/p><p>Our <strong>constant R&amp;D<\/strong> enables us to offer scalable courses that mix collaborative games with mobile applications, augmented reality, classroom training and distance coaching. For the last five years, <strong>we have enabled our clients to take part in the creation of our catalogue products<\/strong> in an open innovative approach which ensures effective, adaptable and profitable products.<\/p><\/div><\/div><\/div><\/div>\t\t\t\t\t\t\t\t<\/div>\n\t\t\t\t<\/div>\n\t\t\t\t<\/div>\n\t\t<div class=\"elementor-element elementor-element-6257ac5 e-con-full e-flex e-con e-child\" data-id=\"6257ac5\" data-element_type=\"container\">\n\t\t\t\t<div class=\"elementor-element elementor-element-0d30f47 elementor-widget elementor-widget-image\" data-id=\"0d30f47\" data-element_type=\"widget\" data-widget_type=\"image.default\">\n\t\t\t\t<div class=\"elementor-widget-container\">\n\t\t\t\t\t\t\t\t\t\t\t\t\t\t\t<img decoding=\"async\" width=\"800\" height=\"600\" src=\"https:\/\/www.daesign.com\/wp-content\/uploads\/2024\/01\/Cas-client-Organiser-un-jeu-concours.png\" class=\"attachment-large size-large wp-image-14126\" alt=\"\" srcset=\"https:\/\/www.daesign.com\/wp-content\/uploads\/2024\/01\/Cas-client-Organiser-un-jeu-concours.png 1024w, https:\/\/www.daesign.com\/wp-content\/uploads\/2024\/01\/Cas-client-Organiser-un-jeu-concours-300x225.png 300w, https:\/\/www.daesign.com\/wp-content\/uploads\/2024\/01\/Cas-client-Organiser-un-jeu-concours-768x576.png 768w\" sizes=\"(max-width: 800px) 100vw, 800px\" \/>\t\t\t\t\t\t\t\t\t\t\t\t\t\t\t<\/div>\n\t\t\t\t<\/div>\n\t\t\t\t<\/div>\n\t\t\t\t\t<\/div>\n\t\t\t\t<\/div>\n\t\t<div class=\"elementor-element elementor-element-174004c e-flex e-con-boxed e-con e-parent\" data-id=\"174004c\" data-element_type=\"container\" data-settings=\"{&quot;background_background&quot;:&quot;classic&quot;}\">\n\t\t\t\t\t<div class=\"e-con-inner\">\n\t\t<div class=\"elementor-element elementor-element-4702416 e-flex e-con-boxed e-con e-child\" data-id=\"4702416\" data-element_type=\"container\">\n\t\t\t\t\t<div class=\"e-con-inner\">\n\t\t\t\t<div class=\"elementor-element elementor-element-4dcbf99 elementor-widget elementor-widget-heading\" data-id=\"4dcbf99\" data-element_type=\"widget\" data-widget_type=\"heading.default\">\n\t\t\t\t<div class=\"elementor-widget-container\">\n\t\t\t\t\t<h2 class=\"elementor-heading-title elementor-size-default\">Subsidiary of Nathan<\/h2>\t\t\t\t<\/div>\n\t\t\t\t<\/div>\n\t\t\t\t<div class=\"elementor-element elementor-element-6537342 elementor-widget elementor-widget-text-editor\" data-id=\"6537342\" data-element_type=\"widget\" data-widget_type=\"text-editor.default\">\n\t\t\t\t<div class=\"elementor-widget-container\">\n\t\t\t\t\t\t\t\t\t<div class=\"wpb_text_column wpb_content_element \"><div class=\"wpb_wrapper\"><p class=\"selectionShareable\">In 2016, we joined Nathan, the leader in educational publishing, an alliance of excellence in digital training.<\/p><\/div><\/div>\t\t\t\t\t\t\t\t<\/div>\n\t\t\t\t<\/div>\n\t\t\t\t\t<\/div>\n\t\t\t\t<\/div>\n\t\t\t\t\t<\/div>\n\t\t\t\t<\/div>\n\t\t\t\t<\/div>\n\t\t","protected":false},"excerpt":{"rendered":"<p>Genesis Originally a multimedia studio that was founded in 1994, we soon became known for our collaboration with the Guignols de l\u2019Info (a French satirical TV programme) that we adapted into CD-ROM games, or for the interactive versions of the famous Gl\u00e9nans sailing courses which we created for the publisher Seuil. At the time, we [&hellip;]<\/p>\n","protected":false},"author":2,"featured_media":13300,"parent":0,"menu_order":0,"comment_status":"closed","ping_status":"closed","template":"","meta":{"_acf_changed":false,"footnotes":""},"tags":[105],"class_list":["post-14630","page","type-page","status-publish","has-post-thumbnail","hentry","tag-vert-en"],"acf":[],"yoast_head":"<!-- This site is optimized with the Yoast SEO plugin v26.6 - https:\/\/yoast.com\/wordpress\/plugins\/seo\/ -->\n<title>Histoire - Daesign<\/title>\n<meta name=\"description\" content=\"Notre histoire commence en 1994. Nos 15 ann\u00e9es de pr\u00e9sence sur ce march\u00e9 sont jalonn\u00e9es de produits devenus des standards et d\u00e9ploy\u00e9s dans une quarantaine de pays, de prix professionnels et d\u2019innovations salu\u00e9es et adopt\u00e9es par nos pairs.\" \/>\n<meta name=\"robots\" content=\"index, follow, max-snippet:-1, max-image-preview:large, max-video-preview:-1\" \/>\n<link rel=\"canonical\" href=\"https:\/\/www.daesign.com\/en\/history\/\" \/>\n<meta property=\"og:locale\" content=\"en_US\" \/>\n<meta property=\"og:type\" content=\"article\" \/>\n<meta property=\"og:title\" content=\"Histoire - Daesign\" \/>\n<meta property=\"og:description\" content=\"Notre histoire commence en 1994. Nos 15 ann\u00e9es de pr\u00e9sence sur ce march\u00e9 sont jalonn\u00e9es de produits devenus des standards et d\u00e9ploy\u00e9s dans une quarantaine de pays, de prix professionnels et d\u2019innovations salu\u00e9es et adopt\u00e9es par nos pairs.\" \/>\n<meta property=\"og:url\" content=\"https:\/\/www.daesign.com\/en\/history\/\" \/>\n<meta property=\"og:site_name\" content=\"Daesign\" \/>\n<meta property=\"article:modified_time\" content=\"2024-07-11T20:42:06+00:00\" \/>\n<meta property=\"og:image\" content=\"https:\/\/www.daesign.com\/wp-content\/uploads\/2017\/10\/im-test3.jpg\" \/>\n\t<meta property=\"og:image:width\" content=\"1090\" \/>\n\t<meta property=\"og:image:height\" content=\"660\" \/>\n\t<meta property=\"og:image:type\" content=\"image\/jpeg\" \/>\n<meta name=\"twitter:card\" content=\"summary_large_image\" \/>\n<meta name=\"twitter:label1\" content=\"Est. reading time\" \/>\n\t<meta name=\"twitter:data1\" content=\"2 minutes\" \/>\n<script type=\"application\/ld+json\" class=\"yoast-schema-graph\">{\"@context\":\"https:\/\/schema.org\",\"@graph\":[{\"@type\":\"WebPage\",\"@id\":\"https:\/\/www.daesign.com\/en\/history\/\",\"url\":\"https:\/\/www.daesign.com\/en\/history\/\",\"name\":\"Histoire - Daesign\",\"isPartOf\":{\"@id\":\"https:\/\/www.daesign.com\/#website\"},\"primaryImageOfPage\":{\"@id\":\"https:\/\/www.daesign.com\/en\/history\/#primaryimage\"},\"image\":{\"@id\":\"https:\/\/www.daesign.com\/en\/history\/#primaryimage\"},\"thumbnailUrl\":\"https:\/\/www.daesign.com\/wp-content\/uploads\/2017\/10\/im-test3.jpg\",\"datePublished\":\"2017-10-05T09:18:58+00:00\",\"dateModified\":\"2024-07-11T20:42:06+00:00\",\"description\":\"Notre histoire commence en 1994. Nos 15 ann\u00e9es de pr\u00e9sence sur ce march\u00e9 sont jalonn\u00e9es de produits devenus des standards et d\u00e9ploy\u00e9s dans une quarantaine de pays, de prix professionnels et d\u2019innovations salu\u00e9es et adopt\u00e9es par nos pairs.\",\"breadcrumb\":{\"@id\":\"https:\/\/www.daesign.com\/en\/history\/#breadcrumb\"},\"inLanguage\":\"en-US\",\"potentialAction\":[{\"@type\":\"ReadAction\",\"target\":[\"https:\/\/www.daesign.com\/en\/history\/\"]}]},{\"@type\":\"ImageObject\",\"inLanguage\":\"en-US\",\"@id\":\"https:\/\/www.daesign.com\/en\/history\/#primaryimage\",\"url\":\"https:\/\/www.daesign.com\/wp-content\/uploads\/2017\/10\/im-test3.jpg\",\"contentUrl\":\"https:\/\/www.daesign.com\/wp-content\/uploads\/2017\/10\/im-test3.jpg\",\"width\":1090,\"height\":660},{\"@type\":\"BreadcrumbList\",\"@id\":\"https:\/\/www.daesign.com\/en\/history\/#breadcrumb\",\"itemListElement\":[{\"@type\":\"ListItem\",\"position\":1,\"name\":\"Accueil\",\"item\":\"https:\/\/www.daesign.com\/en\/\"},{\"@type\":\"ListItem\",\"position\":2,\"name\":\"History\"}]},{\"@type\":\"WebSite\",\"@id\":\"https:\/\/www.daesign.com\/#website\",\"url\":\"https:\/\/www.daesign.com\/\",\"name\":\"Daesign\",\"description\":\"\",\"publisher\":{\"@id\":\"https:\/\/www.daesign.com\/#organization\"},\"potentialAction\":[{\"@type\":\"SearchAction\",\"target\":{\"@type\":\"EntryPoint\",\"urlTemplate\":\"https:\/\/www.daesign.com\/?s={search_term_string}\"},\"query-input\":{\"@type\":\"PropertyValueSpecification\",\"valueRequired\":true,\"valueName\":\"search_term_string\"}}],\"inLanguage\":\"en-US\"},{\"@type\":\"Organization\",\"@id\":\"https:\/\/www.daesign.com\/#organization\",\"name\":\"Daesign\",\"url\":\"https:\/\/www.daesign.com\/\",\"logo\":{\"@type\":\"ImageObject\",\"inLanguage\":\"en-US\",\"@id\":\"https:\/\/www.daesign.com\/#\/schema\/logo\/image\/\",\"url\":\"https:\/\/www.daesign.com\/wp-content\/uploads\/2020\/02\/logo-daesign.jpg\",\"contentUrl\":\"https:\/\/www.daesign.com\/wp-content\/uploads\/2020\/02\/logo-daesign.jpg\",\"width\":310,\"height\":123,\"caption\":\"Daesign\"},\"image\":{\"@id\":\"https:\/\/www.daesign.com\/#\/schema\/logo\/image\/\"}}]}<\/script>\n<!-- \/ Yoast SEO plugin. -->","yoast_head_json":{"title":"Histoire - Daesign","description":"Notre histoire commence en 1994. Nos 15 ann\u00e9es de pr\u00e9sence sur ce march\u00e9 sont jalonn\u00e9es de produits devenus des standards et d\u00e9ploy\u00e9s dans une quarantaine de pays, de prix professionnels et d\u2019innovations salu\u00e9es et adopt\u00e9es par nos pairs.","robots":{"index":"index","follow":"follow","max-snippet":"max-snippet:-1","max-image-preview":"max-image-preview:large","max-video-preview":"max-video-preview:-1"},"canonical":"https:\/\/www.daesign.com\/en\/history\/","og_locale":"en_US","og_type":"article","og_title":"Histoire - Daesign","og_description":"Notre histoire commence en 1994. Nos 15 ann\u00e9es de pr\u00e9sence sur ce march\u00e9 sont jalonn\u00e9es de produits devenus des standards et d\u00e9ploy\u00e9s dans une quarantaine de pays, de prix professionnels et d\u2019innovations salu\u00e9es et adopt\u00e9es par nos pairs.","og_url":"https:\/\/www.daesign.com\/en\/history\/","og_site_name":"Daesign","article_modified_time":"2024-07-11T20:42:06+00:00","og_image":[{"width":1090,"height":660,"url":"https:\/\/www.daesign.com\/wp-content\/uploads\/2017\/10\/im-test3.jpg","type":"image\/jpeg"}],"twitter_card":"summary_large_image","twitter_misc":{"Est. reading time":"2 minutes"},"schema":{"@context":"https:\/\/schema.org","@graph":[{"@type":"WebPage","@id":"https:\/\/www.daesign.com\/en\/history\/","url":"https:\/\/www.daesign.com\/en\/history\/","name":"Histoire - Daesign","isPartOf":{"@id":"https:\/\/www.daesign.com\/#website"},"primaryImageOfPage":{"@id":"https:\/\/www.daesign.com\/en\/history\/#primaryimage"},"image":{"@id":"https:\/\/www.daesign.com\/en\/history\/#primaryimage"},"thumbnailUrl":"https:\/\/www.daesign.com\/wp-content\/uploads\/2017\/10\/im-test3.jpg","datePublished":"2017-10-05T09:18:58+00:00","dateModified":"2024-07-11T20:42:06+00:00","description":"Notre histoire commence en 1994. Nos 15 ann\u00e9es de pr\u00e9sence sur ce march\u00e9 sont jalonn\u00e9es de produits devenus des standards et d\u00e9ploy\u00e9s dans une quarantaine de pays, de prix professionnels et d\u2019innovations salu\u00e9es et adopt\u00e9es par nos pairs.","breadcrumb":{"@id":"https:\/\/www.daesign.com\/en\/history\/#breadcrumb"},"inLanguage":"en-US","potentialAction":[{"@type":"ReadAction","target":["https:\/\/www.daesign.com\/en\/history\/"]}]},{"@type":"ImageObject","inLanguage":"en-US","@id":"https:\/\/www.daesign.com\/en\/history\/#primaryimage","url":"https:\/\/www.daesign.com\/wp-content\/uploads\/2017\/10\/im-test3.jpg","contentUrl":"https:\/\/www.daesign.com\/wp-content\/uploads\/2017\/10\/im-test3.jpg","width":1090,"height":660},{"@type":"BreadcrumbList","@id":"https:\/\/www.daesign.com\/en\/history\/#breadcrumb","itemListElement":[{"@type":"ListItem","position":1,"name":"Accueil","item":"https:\/\/www.daesign.com\/en\/"},{"@type":"ListItem","position":2,"name":"History"}]},{"@type":"WebSite","@id":"https:\/\/www.daesign.com\/#website","url":"https:\/\/www.daesign.com\/","name":"Daesign","description":"","publisher":{"@id":"https:\/\/www.daesign.com\/#organization"},"potentialAction":[{"@type":"SearchAction","target":{"@type":"EntryPoint","urlTemplate":"https:\/\/www.daesign.com\/?s={search_term_string}"},"query-input":{"@type":"PropertyValueSpecification","valueRequired":true,"valueName":"search_term_string"}}],"inLanguage":"en-US"},{"@type":"Organization","@id":"https:\/\/www.daesign.com\/#organization","name":"Daesign","url":"https:\/\/www.daesign.com\/","logo":{"@type":"ImageObject","inLanguage":"en-US","@id":"https:\/\/www.daesign.com\/#\/schema\/logo\/image\/","url":"https:\/\/www.daesign.com\/wp-content\/uploads\/2020\/02\/logo-daesign.jpg","contentUrl":"https:\/\/www.daesign.com\/wp-content\/uploads\/2020\/02\/logo-daesign.jpg","width":310,"height":123,"caption":"Daesign"},"image":{"@id":"https:\/\/www.daesign.com\/#\/schema\/logo\/image\/"}}]}},"_links":{"self":[{"href":"https:\/\/www.daesign.com\/en\/wp-json\/wp\/v2\/pages\/14630","targetHints":{"allow":["GET"]}}],"collection":[{"href":"https:\/\/www.daesign.com\/en\/wp-json\/wp\/v2\/pages"}],"about":[{"href":"https:\/\/www.daesign.com\/en\/wp-json\/wp\/v2\/types\/page"}],"author":[{"embeddable":true,"href":"https:\/\/www.daesign.com\/en\/wp-json\/wp\/v2\/users\/2"}],"replies":[{"embeddable":true,"href":"https:\/\/www.daesign.com\/en\/wp-json\/wp\/v2\/comments?post=14630"}],"version-history":[{"count":9,"href":"https:\/\/www.daesign.com\/en\/wp-json\/wp\/v2\/pages\/14630\/revisions"}],"predecessor-version":[{"id":15130,"href":"https:\/\/www.daesign.com\/en\/wp-json\/wp\/v2\/pages\/14630\/revisions\/15130"}],"wp:featuredmedia":[{"embeddable":true,"href":"https:\/\/www.daesign.com\/en\/wp-json\/wp\/v2\/media\/13300"}],"wp:attachment":[{"href":"https:\/\/www.daesign.com\/en\/wp-json\/wp\/v2\/media?parent=14630"}],"wp:term":[{"taxonomy":"post_tag","embeddable":true,"href":"https:\/\/www.daesign.com\/en\/wp-json\/wp\/v2\/tags?post=14630"}],"curies":[{"name":"wp","href":"https:\/\/api.w.org\/{rel}","templated":true}]}}